{"id":3667,"date":"2017-05-10T13:50:13","date_gmt":"2017-05-10T13:50:13","guid":{"rendered":"http:\/\/brandexponents.com\/oshin\/v30\/?page_id=4"},"modified":"2021-05-09T18:45:43","modified_gmt":"2021-05-09T15:45:43","slug":"home","status":"publish","type":"page","link":"https:\/\/juttarikola.fi\/portfolio\/","title":{"rendered":"Home v29"},"content":{"rendered":"<div  class=\"tatsu-fqpawzeigv2fn79e tatsu-section    tatsu-clearfix\" data-title=\"\"  data-headerscheme=\"background--dark\"><div class='tatsu-section-pad clearfix' data-padding='{\"d\":\"40px 0px 100px 0px \"}' data-padding-top='40px'><div class=\"tatsu-row-wrap  tatsu-wrap tatsu-row-one-col tatsu-row-has-one-cols tatsu-medium-gutter tatsu-reg-cols  tatsu-clearfix tatsu-fqpawzeihtanwaou\" ><div  class=\"tatsu-row \" ><div  class=\"tatsu-column  tatsu-column-no-bg tatsu-one-col tatsu-column-image-none tatsu-column-effect-none  tatsu-fqpawzeii68ukort\"  data-parallax-speed=\"0\" style=\"\"><div class=\"tatsu-column-inner \" ><div class=\"tatsu-column-pad-wrap\"><div class=\"tatsu-column-pad\" ><div  class = \"oshine-module special-heading-wrap  tatsu-fqpawzeiitfmno5u style6 tatsu-animate  \" data-animation=\"fadeInUp\"  ><style>.tatsu-fqpawzeiitfmno5u.special-heading-wrap.style6{font-size: 13px;margin: 0px 0px 20px 0px;text-align: left;}.tatsu-fqpawzeiitfmno5u.special-heading-wrap.style6 .be-title{letter-spacing: 2px;color: #222222 ;}.tatsu-fqpawzeiitfmno5u.special-heading-wrap.style6 .be-border {background: #23fd9e;}.tatsu-fqpawzeiitfmno5u.style6 .special-heading-inner-wrap:hover .be-title{color: #222222 ;}<\/style><div class = \"special-heading-inner-wrap be-border-style1 be-expand\" ><div class = \"be-border\" ><\/div><h6 class = \"be-title\">TERVETULOA<\/h6><\/div><\/div><div  class=\"tatsu-module tatsu-inline-text clearfix tatsu-fqpawzeimm3e2ayu   tatsu-animate\" data-animation=\"fadeInUp\" data-animation-delay=\"300\" ><style>.tatsu-fqpawzeimm3e2ayu .tatsu-inline-text-inner{width: 83%;text-align: left;}<\/style><div class=\"tatsu-inline-text-inner \">\n<h2>Olen art director &amp; kuvittaja Oulusta, tavoitteena luoda kauniita ja toimivia ratkaisuja niin digiin kuin printtiin.<\/h2>\n<\/div><\/div><\/div><\/div><div class = \"tatsu-column-bg-image-wrap\"><div class = \"tatsu-column-bg-image\" ><\/div><\/div><\/div><style>.tatsu-row > .tatsu-fqpawzeii68ukort.tatsu-column{width: 100%;}.tatsu-fqpawzeii68ukort.tatsu-column > .tatsu-column-inner > .tatsu-column-overlay{mix-blend-mode: none;}.tatsu-fqpawzeii68ukort > .tatsu-column-inner > .tatsu-top-divider{z-index: 9999;}.tatsu-fqpawzeii68ukort > .tatsu-column-inner > .tatsu-bottom-divider{z-index: 9999;}.tatsu-fqpawzeii68ukort > .tatsu-column-inner > .tatsu-left-divider{z-index: 9999;}.tatsu-fqpawzeii68ukort > .tatsu-column-inner > .tatsu-right-divider{z-index: 9999;}<\/style><\/div><\/div><\/div><\/div><div class=\"tatsu-section-background-wrap\"><div class = \"tatsu-section-background\" ><\/div><\/div><style>.tatsu-fqpawzeigv2fn79e .tatsu-section-pad{padding: 40px 0px 100px 0px ;}.tatsu-fqpawzeigv2fn79e > .tatsu-bottom-divider{z-index: 9999;}.tatsu-fqpawzeigv2fn79e > .tatsu-top-divider{z-index: 9999;}<\/style><\/div><div  class=\"tatsu-fqpawzeipt5lugj tatsu-section    tatsu-clearfix\" data-title=\"\"  data-headerscheme=\"background--dark\"><div class='tatsu-section-pad clearfix' data-padding='{\"d\":\"0px 0% 90px 0% \"}' data-padding-top='0px'><div class=\"tatsu-row-wrap  tatsu-wrap tatsu-row-one-col tatsu-row-has-one-cols tatsu-medium-gutter tatsu-reg-cols  tatsu-clearfix tatsu-fqpawzeiqe7zthxc\" ><div  class=\"tatsu-row \" ><div  class=\"tatsu-column  tatsu-column-no-bg tatsu-one-col tatsu-column-image-none tatsu-column-effect-none  tatsu-fqpawzeiqpc180lx\"  data-parallax-speed=\"0\" style=\"\"><div class=\"tatsu-column-inner \" ><div class=\"tatsu-column-pad-wrap\"><div class=\"tatsu-column-pad\" ><div  class = \"portfolio-all-wrap oshine-portfolio-module tatsu-fqpawzeir93dtmsp\"  > <div class=\"portfolio portfolio-delay-load full-screen be-portfolio-prebuilt-hover-style4 portfolio-lazy-load full-screen-gutter masonry_disable style2-gutter three-col \" data-animation = \"fadeInUp\" data-action=\"get_ajax_full_screen_gutter_portfolio\" data-category=\"\" data-aspect-ratio = \"1.33\" data-enable-masonry=\"0\" data-showposts=\"-1\" data-paged=\"2\" data-col=\"three\" data-gallery=\"0\" data-filter=\"portfolio_categories\" data-meta_to_show=\"portfolio_categories\" data-show_filters=\"no\" data-thumbnail-bg-color=\"\" data-thumbnail-bg-gradient=\"background:rgba(255,255,255,1)\" data-placeholder-color=\"rgba(236,236,236,1)\" data-cat-color=\"rgba(0,0,0,0.8)\" data-title-color=\"rgba(0,0,0,0.8)\"  data-gutter-width=\"30\" data-img-grayscale=\"c_to_c\" data-prebuilt-hover-style=\"style4\"\" data-gradient-style-color=\"background:rgba(255,255,255,1)\" data-cat-hide=\"0\" data-like-indicator=\"1\" style=\"margin-left: -30px;\"><div class=\"portfolio-container clickable clearfix portfolio-shortcode  init-slide-bottom \"><div class=\"element be-hoverlay not-wide no-wide-width-height  c_to_c\"style=\"margin-bottom: 30px;\" data-category-names = \"\"><div class=\"element-inner\" style=\"margin-left: 30px;\"><a href=\"https:\/\/juttarikola.fi\/portfolio\/portfolio\/design-hotel-levi\/\" class=\" thumb-wrap   \" data-gdpr-atts={} title=\"Levi Design Hotel - www-sivut\" ><div class=\"flip-wrap\" ><div   style = \"padding-bottom : 75.187969924812%;background-color:rgba(236,236,236,1);\" class=\"flip-img-wrap\"><img decoding=\"async\" src=\"https:\/\/juttarikola.fi\/portfolio\/wp-content\/uploads\/2021\/05\/Levi_Design_Hotel_www-650x489.jpg\" alt=\"L\u00e4pp\u00e4ri, jonka n\u00e4yt\u00f6ll\u00e4 Levi Design Hotelin sivuston etusivu.\"\/><\/div><\/div><div class=\"thumb-overlay \"><div class=\"thumb-bg \" style=\"background:rgba(255,255,255,1)\"><div class=\"thumb-title-wrap \"><div class=\"thumb-title \" style=\"color:rgba(0,0,0,0.8);\"><div class = \"thumb-title-inner-wrap\">Design Hotel Levi<\/div><\/div><div class=\"portfolio-item-cats \" style=\"color:rgba(0,0,0,0.8);\"><div class = \"portfolio-item-cats-inner-wrap\"><span>Konseptisuunnittelu<\/span><span> &middot; <\/span><span>Web design<\/span><\/div><\/div><\/div><\/div><\/div><\/a><\/div><\/div><div class=\"element be-hoverlay not-wide no-wide-width-height  c_to_c\"style=\"margin-bottom: 30px;\" data-category-names = \"\"><div class=\"element-inner\" style=\"margin-left: 30px;\"><a href=\"https:\/\/juttarikola.fi\/portfolio\/portfolio\/stora-enso-kuvakalenterit\/\" class=\" thumb-wrap   \" data-gdpr-atts={} title=\"Metso\" ><div class=\"flip-wrap\" ><div   style = \"padding-bottom : 75.187969924812%;background-color:rgba(236,236,236,1);\" class=\"flip-img-wrap\"><img decoding=\"async\" src=\"https:\/\/juttarikola.fi\/portfolio\/wp-content\/uploads\/2021\/05\/Metso-650x489.jpg\" alt=\"Akvarellimaalaus ukkometsosta soitimella.\"\/><\/div><\/div><div class=\"thumb-overlay \"><div class=\"thumb-bg \" style=\"background:rgba(255,255,255,1)\"><div class=\"thumb-title-wrap \"><div class=\"thumb-title \" style=\"color:rgba(0,0,0,0.8);\"><div class = \"thumb-title-inner-wrap\">Stora Enso \u2013 Kuvakalenterit<\/div><\/div><div class=\"portfolio-item-cats \" style=\"color:rgba(0,0,0,0.8);\"><div class = \"portfolio-item-cats-inner-wrap\"><span>Kuvitus<\/span><span> &middot; <\/span><span>Taitto<\/span><\/div><\/div><\/div><\/div><\/div><\/a><\/div><\/div><div class=\"element be-hoverlay not-wide wide-height  c_to_c\"style=\"margin-bottom: 30px;\" data-category-names = \"\"><div class=\"element-inner\" style=\"margin-left: 30px;\"><a href=\"https:\/\/juttarikola.fi\/portfolio\/portfolio\/levi-ski-resort-maskotin-paivitys\/\" class=\" thumb-wrap   \" data-gdpr-atts={} title=\"Leevi - talvi\" ><div class=\"flip-wrap\" ><div   style = \"padding-bottom : 154.99132446501%;background-color:rgba(236,236,236,1);\" class=\"flip-img-wrap\"><img decoding=\"async\" src=\"https:\/\/juttarikola.fi\/portfolio\/wp-content\/uploads\/2021\/05\/Leevi_talvi-650x978.jpg\" alt=\"Levi Ski Resortin lasten maskotti Leevi talviasussa.\"\/><\/div><\/div><div class=\"thumb-overlay \"><div class=\"thumb-bg \" style=\"background:rgba(255,255,255,1)\"><div class=\"thumb-title-wrap \"><div class=\"thumb-title \" style=\"color:rgba(0,0,0,0.8);\"><div class = \"thumb-title-inner-wrap\">Levi Ski Resort \u2013 Maskotin p\u00e4ivitys<\/div><\/div><div class=\"portfolio-item-cats \" style=\"color:rgba(0,0,0,0.8);\"><div class = \"portfolio-item-cats-inner-wrap\"><span>Hahmosuunnittelu<\/span><span> &middot; <\/span><span>Kuvitus<\/span><\/div><\/div><\/div><\/div><\/div><\/a><\/div><\/div><div class=\"element be-hoverlay not-wide no-wide-width-height  c_to_c\"style=\"margin-bottom: 30px;\" data-category-names = \"\"><div class=\"element-inner\" style=\"margin-left: 30px;\"><a href=\"https:\/\/juttarikola.fi\/portfolio\/portfolio\/stora-enso-metsa\/\" class=\" thumb-wrap   \" data-gdpr-atts={} title=\"Mets\u00e4nhoitoesitys\" ><div class=\"flip-wrap\" ><div   style = \"padding-bottom : 75.187969924812%;background-color:rgba(236,236,236,1);\" class=\"flip-img-wrap\"><img decoding=\"async\" src=\"https:\/\/juttarikola.fi\/portfolio\/wp-content\/uploads\/2021\/05\/Metsanhoitoesitys_1-650x489.png\" alt=\"\"\/><\/div><\/div><div class=\"thumb-overlay \"><div class=\"thumb-bg \" style=\"background:rgba(255,255,255,1)\"><div class=\"thumb-title-wrap \"><div class=\"thumb-title \" style=\"color:rgba(0,0,0,0.8);\"><div class = \"thumb-title-inner-wrap\">Stora Enso Mets\u00e4<\/div><\/div><div class=\"portfolio-item-cats \" style=\"color:rgba(0,0,0,0.8);\"><div class = \"portfolio-item-cats-inner-wrap\"><span>Konseptisuunnittelu<\/span><span> &middot; <\/span><span>Kuvitus<\/span><span> &middot; <\/span><span>Taitto<\/span><\/div><\/div><\/div><\/div><\/div><\/a><\/div><\/div><div class=\"element be-hoverlay not-wide wide-height  c_to_c\"style=\"margin-bottom: 30px;\" data-category-names = \"\"><div class=\"element-inner\" style=\"margin-left: 30px;\"><a href=\"https:\/\/juttarikola.fi\/portfolio\/portfolio\/verve\/\" class=\" thumb-wrap   \" data-gdpr-atts={} title=\"Verve www-sivut\" ><div class=\"flip-wrap\" ><div   style = \"padding-bottom : 154.99132446501%;background-color:rgba(236,236,236,1);\" class=\"flip-img-wrap\"><img decoding=\"async\" src=\"https:\/\/juttarikola.fi\/portfolio\/wp-content\/uploads\/2021\/05\/Verve_etusivu-650x978.jpg\" alt=\"Nuori nainen katsoo mietteli\u00e4\u00e4n\u00e4 p\u00e4di\u00e4.\"\/><\/div><\/div><div class=\"thumb-overlay \"><div class=\"thumb-bg \" style=\"background:rgba(255,255,255,1)\"><div class=\"thumb-title-wrap \"><div class=\"thumb-title \" style=\"color:rgba(0,0,0,0.8);\"><div class = \"thumb-title-inner-wrap\">Verve<\/div><\/div><div class=\"portfolio-item-cats \" style=\"color:rgba(0,0,0,0.8);\"><div class = \"portfolio-item-cats-inner-wrap\"><span>Konseptisuunnittelu<\/span><span> &middot; <\/span><span>Kuvitus<\/span><span> &middot; <\/span><span>Web design<\/span><\/div><\/div><\/div><\/div><\/div><\/a><\/div><\/div><div class=\"element be-hoverlay not-wide no-wide-width-height  c_to_c\"style=\"margin-bottom: 30px;\" data-category-names = \"\"><div class=\"element-inner\" style=\"margin-left: 30px;\"><a href=\"https:\/\/juttarikola.fi\/portfolio\/portfolio\/mediateko\/\" class=\" thumb-wrap   \" data-gdpr-atts={} title=\"Mediateko herokuva\" ><div class=\"flip-wrap\" ><div   style = \"padding-bottom : 75.187969924812%;background-color:rgba(236,236,236,1);\" class=\"flip-img-wrap\"><img decoding=\"async\" src=\"https:\/\/juttarikola.fi\/portfolio\/wp-content\/uploads\/2021\/05\/Mediateko-hero-1-650x489.jpg\" alt=\"Mies golffaa kauniina kes\u00e4p\u00e4iv\u00e4n\u00e4.\"\/><\/div><\/div><div class=\"thumb-overlay \"><div class=\"thumb-bg \" style=\"background:rgba(255,255,255,1)\"><div class=\"thumb-title-wrap \"><div class=\"thumb-title \" style=\"color:rgba(0,0,0,0.8);\"><div class = \"thumb-title-inner-wrap\">Mediateko<\/div><\/div><div class=\"portfolio-item-cats \" style=\"color:rgba(0,0,0,0.8);\"><div class = \"portfolio-item-cats-inner-wrap\"><span>Web design<\/span><\/div><\/div><\/div><\/div><\/div><\/a><\/div><\/div><div class=\"element be-hoverlay not-wide no-wide-width-height  c_to_c\"style=\"margin-bottom: 30px;\" data-category-names = \"\"><div class=\"element-inner\" style=\"margin-left: 30px;\"><a href=\"https:\/\/juttarikola.fi\/portfolio\/portfolio\/unelmien-talojakoti\/\" class=\" thumb-wrap   \" data-gdpr-atts={} title=\"Jutta Rikola - Unelmien Talo&Koti\" ><div class=\"flip-wrap\" ><div   style = \"padding-bottom : 75.187969924812%;background-color:rgba(236,236,236,1);\" class=\"flip-img-wrap\"><img decoding=\"async\" src=\"https:\/\/juttarikola.fi\/portfolio\/wp-content\/uploads\/2017\/03\/JuttaRikola_lasinaluset_2-650x406.jpg\" alt=\"Mansikkakakkua ja kuppi kahvia pitsisell\u00e4 p\u00f6yt\u00e4liinalla.\"\/><\/div><\/div><div class=\"thumb-overlay \"><div class=\"thumb-bg \" style=\"background:rgba(255,255,255,1)\"><div class=\"thumb-title-wrap \"><div class=\"thumb-title \" style=\"color:rgba(0,0,0,0.8);\"><div class = \"thumb-title-inner-wrap\">Unelmien Talo&#038;Koti<\/div><\/div><div class=\"portfolio-item-cats \" style=\"color:rgba(0,0,0,0.8);\"><div class = \"portfolio-item-cats-inner-wrap\"><span>Stailaus<\/span><span> &middot; <\/span><span>Valokuvaus<\/span><\/div><\/div><\/div><\/div><\/div><\/a><\/div><\/div><div class=\"element be-hoverlay not-wide no-wide-width-height  c_to_c\"style=\"margin-bottom: 30px;\" data-category-names = \"\"><div class=\"element-inner\" style=\"margin-left: 30px;\"><a href=\"https:\/\/juttarikola.fi\/portfolio\/portfolio\/kootut-murut\/\" class=\" thumb-wrap   \" data-gdpr-atts={} title=\"Logo - Kootut Murut\" ><div class=\"flip-wrap\" ><div   style = \"padding-bottom : 75.187969924812%;background-color:rgba(236,236,236,1);\" class=\"flip-img-wrap\"><img decoding=\"async\" src=\"https:\/\/juttarikola.fi\/portfolio\/wp-content\/uploads\/2021\/05\/logo-kootutmurut_1-650x489.jpg\" alt=\"\"\/><\/div><\/div><div class=\"thumb-overlay \"><div class=\"thumb-bg \" style=\"background:rgba(255,255,255,1)\"><div class=\"thumb-title-wrap \"><div class=\"thumb-title \" style=\"color:rgba(0,0,0,0.8);\"><div class = \"thumb-title-inner-wrap\">Kootut murut<\/div><\/div><div class=\"portfolio-item-cats \" style=\"color:rgba(0,0,0,0.8);\"><div class = \"portfolio-item-cats-inner-wrap\"><span>Sosiaalinen media<\/span><span> &middot; <\/span><span>Stailaus<\/span><span> &middot; <\/span><span>Valokuvaus<\/span><span> &middot; <\/span><span>Web design<\/span><\/div><\/div><\/div><\/div><\/div><\/a><\/div><\/div><div class=\"element be-hoverlay not-wide no-wide-width-height  c_to_c\"style=\"margin-bottom: 30px;\" data-category-names = \"\"><div class=\"element-inner\" style=\"margin-left: 30px;\"><a href=\"https:\/\/juttarikola.fi\/portfolio\/portfolio\/aina-keittiot-2\/\" class=\" thumb-wrap   \" data-gdpr-atts={} title=\"Web design, stailaus - Aina\" ><div class=\"flip-wrap\" ><div   style = \"padding-bottom : 75.187969924812%;background-color:rgba(236,236,236,1);\" class=\"flip-img-wrap\"><img decoding=\"async\" src=\"https:\/\/juttarikola.fi\/portfolio\/wp-content\/uploads\/2017\/03\/web-design-stailaus-aina-10-650x406.jpg\" alt=\"\"\/><\/div><\/div><div class=\"thumb-overlay \"><div class=\"thumb-bg \" style=\"background:rgba(255,255,255,1)\"><div class=\"thumb-title-wrap \"><div class=\"thumb-title \" style=\"color:rgba(0,0,0,0.8);\"><div class = \"thumb-title-inner-wrap\">Aina-keitti\u00f6t<\/div><\/div><div class=\"portfolio-item-cats \" style=\"color:rgba(0,0,0,0.8);\"><div class = \"portfolio-item-cats-inner-wrap\"><span>Sosiaalinen media<\/span><span> &middot; <\/span><span>Stailaus<\/span><span> &middot; <\/span><span>Valokuvaus<\/span><span> &middot; <\/span><span>Visuaalinen ilme<\/span><\/div><\/div><\/div><\/div><\/div><\/a><\/div><\/div><\/div><\/div><\/div><\/div><\/div><div class = \"tatsu-column-bg-image-wrap\"><div class = \"tatsu-column-bg-image\" ><\/div><\/div><\/div><style>.tatsu-row > .tatsu-fqpawzeiqpc180lx.tatsu-column{width: 100%;}.tatsu-fqpawzeiqpc180lx.tatsu-column > .tatsu-column-inner > .tatsu-column-overlay{mix-blend-mode: none;}.tatsu-fqpawzeiqpc180lx > .tatsu-column-inner > .tatsu-top-divider{z-index: 9999;}.tatsu-fqpawzeiqpc180lx > .tatsu-column-inner > .tatsu-bottom-divider{z-index: 9999;}.tatsu-fqpawzeiqpc180lx > .tatsu-column-inner > .tatsu-left-divider{z-index: 9999;}.tatsu-fqpawzeiqpc180lx > .tatsu-column-inner > .tatsu-right-divider{z-index: 9999;}<\/style><\/div><\/div><\/div><\/div><div class=\"tatsu-section-background-wrap\"><div class = \"tatsu-section-background\" ><\/div><\/div><style>.tatsu-fqpawzeipt5lugj.tatsu-section{background-color: rgba(255,255,255,1);}.tatsu-fqpawzeipt5lugj .tatsu-section-pad{padding: 0px 0% 90px 0% ;}.tatsu-fqpawzeipt5lugj > .tatsu-bottom-divider{z-index: 9999;}.tatsu-fqpawzeipt5lugj > .tatsu-top-divider{z-index: 9999;}<\/style><\/div>\n","protected":false},"excerpt":{"rendered":"<p><a href=\"https:\/\/juttarikola.fi\/portfolio\/portfolio\/aina-keittiot-2\/\" class=\"more-link style1-button\">Read More<\/a><\/p>","protected":false},"author":1,"featured_media":0,"parent":0,"menu_order":0,"comment_status":"closed","ping_status":"closed","template":"","meta":{"footnotes":""},"class_list":["post-3667","page","type-page","status-publish","hentry"],"_links":{"self":[{"href":"https:\/\/juttarikola.fi\/portfolio\/wp-json\/wp\/v2\/pages\/3667","targetHints":{"allow":["GET"]}}],"collection":[{"href":"https:\/\/juttarikola.fi\/portfolio\/wp-json\/wp\/v2\/pages"}],"about":[{"href":"https:\/\/juttarikola.fi\/portfolio\/wp-json\/wp\/v2\/types\/page"}],"author":[{"embeddable":true,"href":"https:\/\/juttarikola.fi\/portfolio\/wp-json\/wp\/v2\/users\/1"}],"replies":[{"embeddable":true,"href":"https:\/\/juttarikola.fi\/portfolio\/wp-json\/wp\/v2\/comments?post=3667"}],"version-history":[{"count":9,"href":"https:\/\/juttarikola.fi\/portfolio\/wp-json\/wp\/v2\/pages\/3667\/revisions"}],"predecessor-version":[{"id":3831,"href":"https:\/\/juttarikola.fi\/portfolio\/wp-json\/wp\/v2\/pages\/3667\/revisions\/3831"}],"wp:attachment":[{"href":"https:\/\/juttarikola.fi\/portfolio\/wp-json\/wp\/v2\/media?parent=3667"}],"curies":[{"name":"wp","href":"https:\/\/api.w.org\/{rel}","templated":true}]}}